{"id":5685,"date":"2022-06-17T13:49:31","date_gmt":"2022-06-17T11:49:31","guid":{"rendered":"https:\/\/fundacionaliciakoplowitz.org\/management-team\/"},"modified":"2022-12-14T13:34:36","modified_gmt":"2022-12-14T12:34:36","slug":"management-team","status":"publish","type":"page","link":"https:\/\/fundacionaliciakoplowitz.org\/en\/management-team\/","title":{"rendered":"Management Team"},"content":{"rendered":"\t\t<div data-elementor-type=\"wp-page\" data-elementor-id=\"5685\" class=\"elementor elementor-5685 elementor-2701\" data-elementor-post-type=\"page\">\n\t\t\t\t\t\t<section class=\"elementor-section elementor-top-section elementor-element elementor-element-a7bcbc2 elementor-section-height-min-height elementor-section-boxed elementor-section-height-default elementor-section-items-middle\" data-id=\"a7bcbc2\" data-element_type=\"section\" data-e-type=\"section\" data-settings=\"{&quot;background_background&quot;:&quot;classic&quot;}\">\n\t\t\t\t\t\t\t<div class=\"elementor-background-overlay\"><\/div>\n\t\t\t\t\t\t\t<div class=\"elementor-container elementor-column-gap-no\">\n\t\t\t\t\t<div class=\"elementor-column elementor-col-100 elementor-top-column elementor-element elementor-element-f052f6b\" data-id=\"f052f6b\" data-element_type=\"column\" data-e-type=\"column\">\n\t\t\t<div class=\"elementor-widget-wrap elementor-element-populated\">\n\t\t\t\t\t\t<div class=\"elementor-element elementor-element-8f1a6bb elementor-widget__width-initial elementor-widget-tablet__width-initial elementor-widget-mobile__width-inherit elementor-headline--style-rotate elementor-invisible elementor-widget elementor-widget-animated-headline\" data-id=\"8f1a6bb\" data-element_type=\"widget\" data-e-type=\"widget\" data-settings=\"{&quot;rotating_text&quot;:&quot;management team&quot;,&quot;headline_style&quot;:&quot;rotate&quot;,&quot;animation_type&quot;:&quot;swirl&quot;,&quot;_animation&quot;:&quot;fadeIn&quot;,&quot;_animation_delay&quot;:200,&quot;rotate_iteration_delay&quot;:2500}\" data-widget_type=\"animated-headline.default\">\n\t\t\t\t<div class=\"elementor-widget-container\">\n\t\t\t\t\t\t\t<h1 class=\"elementor-headline elementor-headline-animation-type-swirl elementor-headline-letters\">\n\t\t\t\t\t<span class=\"elementor-headline-plain-text elementor-headline-text-wrapper\"> <\/span>\n\t\t\t\t<span class=\"elementor-headline-dynamic-wrapper elementor-headline-text-wrapper\">\n\t\t\t\t\t<span class=\"elementor-headline-dynamic-text elementor-headline-text-active\">\n\t\t\t\tmanagement&nbsp;team\t\t\t<\/span>\n\t\t\t\t\t\t<\/span>\n\t\t\t\t<\/h1>\n\t\t\t\t\t\t<\/div>\n\t\t\t\t<\/div>\n\t\t\t\t\t<\/div>\n\t\t<\/div>\n\t\t\t\t\t<\/div>\n\t\t<\/section>\n\t\t\t\t<section class=\"elementor-section elementor-top-section elementor-element elementor-element-6ee20365 elementor-section-full_width elementor-section-height-default elementor-section-height-default\" data-id=\"6ee20365\" data-element_type=\"section\" data-e-type=\"section\" data-settings=\"{&quot;background_background&quot;:&quot;classic&quot;}\">\n\t\t\t\t\t\t<div class=\"elementor-container elementor-column-gap-extended\">\n\t\t\t\t\t<div class=\"elementor-column elementor-col-50 elementor-top-column elementor-element elementor-element-18e2442d\" data-id=\"18e2442d\" data-element_type=\"column\" data-e-type=\"column\">\n\t\t\t<div class=\"elementor-widget-wrap elementor-element-populated\">\n\t\t\t\t\t\t<div class=\"elementor-element elementor-element-4e4a5d0b elementor-widget elementor-widget-heading\" data-id=\"4e4a5d0b\" data-element_type=\"widget\" data-e-type=\"widget\" data-widget_type=\"heading.default\">\n\t\t\t\t<div class=\"elementor-widget-container\">\n\t\t\t\t\t<h5 class=\"elementor-heading-title elementor-size-default\"> <b> jos\u00e9 leoncio<\/b><br>areal l\u00f3pez<\/h5>\t\t\t\t<\/div>\n\t\t\t\t<\/div>\n\t\t\t\t<div class=\"elementor-element elementor-element-42f11760 elementor-widget elementor-widget-text-editor\" data-id=\"42f11760\" data-element_type=\"widget\" data-e-type=\"widget\" data-widget_type=\"text-editor.default\">\n\t\t\t\t<div class=\"elementor-widget-container\">\n\t\t\t\t\t\t\t\t\t<p>Board of Trustees &#8211; Secretary<\/p>\n\t\t\t\t\t\t\t\t<\/div>\n\t\t\t\t<\/div>\n\t\t\t\t<div class=\"elementor-element elementor-element-173176c elementor-widget elementor-widget-heading\" data-id=\"173176c\" data-element_type=\"widget\" data-e-type=\"widget\" data-widget_type=\"heading.default\">\n\t\t\t\t<div class=\"elementor-widget-container\">\n\t\t\t\t\t<h5 class=\"elementor-heading-title elementor-size-default\"> <b> \u00e1ngela m.<\/b><br>ulloa sol\u00eds-beaumont<\/h5>\t\t\t\t<\/div>\n\t\t\t\t<\/div>\n\t\t\t\t<div class=\"elementor-element elementor-element-c54f956 elementor-widget elementor-widget-text-editor\" data-id=\"c54f956\" data-element_type=\"widget\" data-e-type=\"widget\" data-widget_type=\"text-editor.default\">\n\t\t\t\t<div class=\"elementor-widget-container\">\n\t\t\t\t\t\t\t\t\t<p>Project manager<\/p>\n\t\t\t\t\t\t\t\t<\/div>\n\t\t\t\t<\/div>\n\t\t\t\t<div class=\"elementor-element elementor-element-f3f9c83 elementor-widget elementor-widget-heading\" data-id=\"f3f9c83\" data-element_type=\"widget\" data-e-type=\"widget\" data-widget_type=\"heading.default\">\n\t\t\t\t<div class=\"elementor-widget-container\">\n\t\t\t\t\t<h5 class=\"elementor-heading-title elementor-size-default\"><b>m\u00f3nica<\/b><br>garc\u00eda <\/h5>\t\t\t\t<\/div>\n\t\t\t\t<\/div>\n\t\t\t\t<div class=\"elementor-element elementor-element-62340e8 elementor-widget elementor-widget-text-editor\" data-id=\"62340e8\" data-element_type=\"widget\" data-e-type=\"widget\" data-widget_type=\"text-editor.default\">\n\t\t\t\t<div class=\"elementor-widget-container\">\n\t\t\t\t\t\t\t\t\t<p>Executive Secretary<\/p>\t\t\t\t\t\t\t\t<\/div>\n\t\t\t\t<\/div>\n\t\t\t\t\t<\/div>\n\t\t<\/div>\n\t\t\t\t<div class=\"elementor-column elementor-col-50 elementor-top-column elementor-element elementor-element-803494f\" data-id=\"803494f\" data-element_type=\"column\" data-e-type=\"column\">\n\t\t\t<div class=\"elementor-widget-wrap elementor-element-populated\">\n\t\t\t\t\t\t<div class=\"elementor-element elementor-element-5c6d750 elementor-widget elementor-widget-heading\" data-id=\"5c6d750\" data-element_type=\"widget\" data-e-type=\"widget\" data-widget_type=\"heading.default\">\n\t\t\t\t<div class=\"elementor-widget-container\">\n\t\t\t\t\t<h5 class=\"elementor-heading-title elementor-size-default\"> <b> dra. mar\u00eda concepci\u00f3n<\/b><br>guisasola<\/h5>\t\t\t\t<\/div>\n\t\t\t\t<\/div>\n\t\t\t\t<div class=\"elementor-element elementor-element-2858a3e elementor-widget elementor-widget-text-editor\" data-id=\"2858a3e\" data-element_type=\"widget\" data-e-type=\"widget\" data-widget_type=\"text-editor.default\">\n\t\t\t\t<div class=\"elementor-widget-container\">\n\t\t\t\t\t\t\t\t\t<p>Coordinator of Medical-Scientific Programs<\/p>\n\t\t\t\t\t\t\t\t<\/div>\n\t\t\t\t<\/div>\n\t\t\t\t<div class=\"elementor-element elementor-element-bfd865c elementor-widget elementor-widget-heading\" data-id=\"bfd865c\" data-element_type=\"widget\" data-e-type=\"widget\" data-widget_type=\"heading.default\">\n\t\t\t\t<div class=\"elementor-widget-container\">\n\t\t\t\t\t<h5 class=\"elementor-heading-title elementor-size-default\"> <b> isidro<\/b><br>villoria<\/h5>\t\t\t\t<\/div>\n\t\t\t\t<\/div>\n\t\t\t\t<div class=\"elementor-element elementor-element-9065d76 elementor-widget elementor-widget-text-editor\" data-id=\"9065d76\" data-element_type=\"widget\" data-e-type=\"widget\" data-widget_type=\"text-editor.default\">\n\t\t\t\t<div class=\"elementor-widget-container\">\n\t\t\t\t\t\t\t\t\t<p>Director of Institutional Relations<\/p>\n\t\t\t\t\t\t\t\t<\/div>\n\t\t\t\t<\/div>\n\t\t\t\t\t<\/div>\n\t\t<\/div>\n\t\t\t\t\t<\/div>\n\t\t<\/section>\n\t\t\t\t<\/div>\n\t\t","protected":false},"excerpt":{"rendered":"<p>management&nbsp;team jos\u00e9 leoncioareal l\u00f3pez Board of Trustees &#8211; Secretary \u00e1ngela m.ulloa sol\u00eds-beaumont Project manager m\u00f3nicagarc\u00eda Executive Secretary dra. mar\u00eda concepci\u00f3nguisasola Coordinator of Medical-Scientific Programs isidrovilloria Director of Institutional Relations<\/p>\n","protected":false},"author":2,"featured_media":0,"parent":0,"menu_order":0,"comment_status":"closed","ping_status":"closed","template":"","meta":{"site-sidebar-layout":"no-sidebar","site-content-layout":"page-builder","ast-site-content-layout":"default","site-content-style":"default","site-sidebar-style":"default","ast-global-header-display":"","ast-banner-title-visibility":"","ast-main-header-display":"","ast-hfb-above-header-display":"","ast-hfb-below-header-display":"","ast-hfb-mobile-header-display":"","site-post-title":"disabled","ast-breadcrumbs-content":"","ast-featured-img":"disabled","footer-sml-layout":"","ast-disable-related-posts":"","theme-transparent-header-meta":"","adv-header-id-meta":"","stick-header-meta":"","header-above-stick-meta":"","header-main-stick-meta":"","header-below-stick-meta":"","astra-migrate-meta-layouts":"default","ast-page-background-enabled":"default","ast-page-background-meta":{"desktop":{"background-color":"var(--ast-global-color-4)","background-image":"","background-repeat":"repeat","background-position":"center center","background-size":"auto","background-attachment":"scroll","background-type":"","background-media":"","overlay-type":"","overlay-color":"","overlay-opacity":"","overlay-gradient":""},"tablet":{"background-color":"","background-image":"","background-repeat":"repeat","background-position":"center center","background-size":"auto","background-attachment":"scroll","background-type":"","background-media":"","overlay-type":"","overlay-color":"","overlay-opacity":"","overlay-gradient":""},"mobile":{"background-color":"","background-image":"","background-repeat":"repeat","background-position":"center center","background-size":"auto","background-attachment":"scroll","background-type":"","background-media":"","overlay-type":"","overlay-color":"","overlay-opacity":"","overlay-gradient":""}},"ast-content-background-meta":{"desktop":{"background-color":"var(--ast-global-color-5)","background-image":"","background-repeat":"repeat","background-position":"center center","background-size":"auto","background-attachment":"scroll","background-type":"","background-media":"","overlay-type":"","overlay-color":"","overlay-opacity":"","overlay-gradient":""},"tablet":{"background-color":"var(--ast-global-color-5)","background-image":"","background-repeat":"repeat","background-position":"center center","background-size":"auto","background-attachment":"scroll","background-type":"","background-media":"","overlay-type":"","overlay-color":"","overlay-opacity":"","overlay-gradient":""},"mobile":{"background-color":"var(--ast-global-color-5)","background-image":"","background-repeat":"repeat","background-position":"center center","background-size":"auto","background-attachment":"scroll","background-type":"","background-media":"","overlay-type":"","overlay-color":"","overlay-opacity":"","overlay-gradient":""}},"footnotes":""},"class_list":["post-5685","page","type-page","status-publish","hentry"],"yoast_head":"<!-- This site is optimized with the Yoast SEO plugin v27.2 - https:\/\/yoast.com\/product\/yoast-seo-wordpress\/ -->\n<title>Management Team - Alicia Koplowitz Foundation<\/title>\n<meta name=\"robots\" content=\"index, follow, max-snippet:-1, max-image-preview:large, max-video-preview:-1\" \/>\n<link rel=\"canonical\" href=\"https:\/\/fundacionaliciakoplowitz.org\/en\/management-team\/\" \/>\n<meta property=\"og:locale\" content=\"en_US\" \/>\n<meta property=\"og:type\" content=\"article\" \/>\n<meta property=\"og:title\" content=\"Management Team - Alicia Koplowitz Foundation\" \/>\n<meta property=\"og:description\" content=\"management&nbsp;team jos\u00e9 leoncioareal l\u00f3pez Board of Trustees &#8211; Secretary \u00e1ngela m.ulloa sol\u00eds-beaumont Project manager m\u00f3nicagarc\u00eda Executive Secretary dra. mar\u00eda concepci\u00f3nguisasola Coordinator of Medical-Scientific Programs isidrovilloria Director of Institutional Relations\" \/>\n<meta property=\"og:url\" content=\"https:\/\/fundacionaliciakoplowitz.org\/en\/management-team\/\" \/>\n<meta property=\"og:site_name\" content=\"Alicia Koplowitz Foundation\" \/>\n<meta property=\"article:modified_time\" content=\"2022-12-14T12:34:36+00:00\" \/>\n<meta name=\"twitter:card\" content=\"summary_large_image\" \/>\n<meta name=\"twitter:label1\" content=\"Est. reading time\" \/>\n\t<meta name=\"twitter:data1\" content=\"1 minute\" \/>\n<script type=\"application\/ld+json\" class=\"yoast-schema-graph\">{\"@context\":\"https:\/\/schema.org\",\"@graph\":[{\"@type\":\"WebPage\",\"@id\":\"https:\/\/fundacionaliciakoplowitz.org\/en\/management-team\/\",\"url\":\"https:\/\/fundacionaliciakoplowitz.org\/en\/management-team\/\",\"name\":\"Management Team - Alicia Koplowitz Foundation\",\"isPartOf\":{\"@id\":\"https:\/\/fundacionaliciakoplowitz.org\/en\/#website\"},\"datePublished\":\"2022-06-17T11:49:31+00:00\",\"dateModified\":\"2022-12-14T12:34:36+00:00\",\"breadcrumb\":{\"@id\":\"https:\/\/fundacionaliciakoplowitz.org\/en\/management-team\/#breadcrumb\"},\"inLanguage\":\"en-US\",\"potentialAction\":[{\"@type\":\"ReadAction\",\"target\":[\"https:\/\/fundacionaliciakoplowitz.org\/en\/management-team\/\"]}]},{\"@type\":\"BreadcrumbList\",\"@id\":\"https:\/\/fundacionaliciakoplowitz.org\/en\/management-team\/#breadcrumb\",\"itemListElement\":[{\"@type\":\"ListItem\",\"position\":1,\"name\":\"Home\",\"item\":\"https:\/\/fundacionaliciakoplowitz.org\/en\/home-2\/\"},{\"@type\":\"ListItem\",\"position\":2,\"name\":\"Management Team\"}]},{\"@type\":\"WebSite\",\"@id\":\"https:\/\/fundacionaliciakoplowitz.org\/en\/#website\",\"url\":\"https:\/\/fundacionaliciakoplowitz.org\/en\/\",\"name\":\"Alicia Koplowitz Foundation\",\"description\":\"Alicia Koplowitz Foundation\",\"publisher\":{\"@id\":\"https:\/\/fundacionaliciakoplowitz.org\/en\/#organization\"},\"potentialAction\":[{\"@type\":\"SearchAction\",\"target\":{\"@type\":\"EntryPoint\",\"urlTemplate\":\"https:\/\/fundacionaliciakoplowitz.org\/en\/?s={search_term_string}\"},\"query-input\":{\"@type\":\"PropertyValueSpecification\",\"valueRequired\":true,\"valueName\":\"search_term_string\"}}],\"inLanguage\":\"en-US\"},{\"@type\":\"Organization\",\"@id\":\"https:\/\/fundacionaliciakoplowitz.org\/en\/#organization\",\"name\":\"Alicia Koplowitz Foundation\",\"url\":\"https:\/\/fundacionaliciakoplowitz.org\/en\/\",\"logo\":{\"@type\":\"ImageObject\",\"inLanguage\":\"en-US\",\"@id\":\"https:\/\/fundacionaliciakoplowitz.org\/en\/#\/schema\/logo\/image\/\",\"url\":\"https:\/\/fundacionaliciakoplowitz.org\/wp-content\/uploads\/2020\/10\/cropped-cropped-generico.png\",\"contentUrl\":\"https:\/\/fundacionaliciakoplowitz.org\/wp-content\/uploads\/2020\/10\/cropped-cropped-generico.png\",\"width\":512,\"height\":418,\"caption\":\"Alicia Koplowitz Foundation\"},\"image\":{\"@id\":\"https:\/\/fundacionaliciakoplowitz.org\/en\/#\/schema\/logo\/image\/\"}}]}<\/script>\n<!-- \/ Yoast SEO plugin. -->","yoast_head_json":{"title":"Management Team - Alicia Koplowitz Foundation","robots":{"index":"index","follow":"follow","max-snippet":"max-snippet:-1","max-image-preview":"max-image-preview:large","max-video-preview":"max-video-preview:-1"},"canonical":"https:\/\/fundacionaliciakoplowitz.org\/en\/management-team\/","og_locale":"en_US","og_type":"article","og_title":"Management Team - Alicia Koplowitz Foundation","og_description":"management&nbsp;team jos\u00e9 leoncioareal l\u00f3pez Board of Trustees &#8211; Secretary \u00e1ngela m.ulloa sol\u00eds-beaumont Project manager m\u00f3nicagarc\u00eda Executive Secretary dra. mar\u00eda concepci\u00f3nguisasola Coordinator of Medical-Scientific Programs isidrovilloria Director of Institutional Relations","og_url":"https:\/\/fundacionaliciakoplowitz.org\/en\/management-team\/","og_site_name":"Alicia Koplowitz Foundation","article_modified_time":"2022-12-14T12:34:36+00:00","twitter_card":"summary_large_image","twitter_misc":{"Est. reading time":"1 minute"},"schema":{"@context":"https:\/\/schema.org","@graph":[{"@type":"WebPage","@id":"https:\/\/fundacionaliciakoplowitz.org\/en\/management-team\/","url":"https:\/\/fundacionaliciakoplowitz.org\/en\/management-team\/","name":"Management Team - Alicia Koplowitz Foundation","isPartOf":{"@id":"https:\/\/fundacionaliciakoplowitz.org\/en\/#website"},"datePublished":"2022-06-17T11:49:31+00:00","dateModified":"2022-12-14T12:34:36+00:00","breadcrumb":{"@id":"https:\/\/fundacionaliciakoplowitz.org\/en\/management-team\/#breadcrumb"},"inLanguage":"en-US","potentialAction":[{"@type":"ReadAction","target":["https:\/\/fundacionaliciakoplowitz.org\/en\/management-team\/"]}]},{"@type":"BreadcrumbList","@id":"https:\/\/fundacionaliciakoplowitz.org\/en\/management-team\/#breadcrumb","itemListElement":[{"@type":"ListItem","position":1,"name":"Home","item":"https:\/\/fundacionaliciakoplowitz.org\/en\/home-2\/"},{"@type":"ListItem","position":2,"name":"Management Team"}]},{"@type":"WebSite","@id":"https:\/\/fundacionaliciakoplowitz.org\/en\/#website","url":"https:\/\/fundacionaliciakoplowitz.org\/en\/","name":"Alicia Koplowitz Foundation","description":"Alicia Koplowitz Foundation","publisher":{"@id":"https:\/\/fundacionaliciakoplowitz.org\/en\/#organization"},"potentialAction":[{"@type":"SearchAction","target":{"@type":"EntryPoint","urlTemplate":"https:\/\/fundacionaliciakoplowitz.org\/en\/?s={search_term_string}"},"query-input":{"@type":"PropertyValueSpecification","valueRequired":true,"valueName":"search_term_string"}}],"inLanguage":"en-US"},{"@type":"Organization","@id":"https:\/\/fundacionaliciakoplowitz.org\/en\/#organization","name":"Alicia Koplowitz Foundation","url":"https:\/\/fundacionaliciakoplowitz.org\/en\/","logo":{"@type":"ImageObject","inLanguage":"en-US","@id":"https:\/\/fundacionaliciakoplowitz.org\/en\/#\/schema\/logo\/image\/","url":"https:\/\/fundacionaliciakoplowitz.org\/wp-content\/uploads\/2020\/10\/cropped-cropped-generico.png","contentUrl":"https:\/\/fundacionaliciakoplowitz.org\/wp-content\/uploads\/2020\/10\/cropped-cropped-generico.png","width":512,"height":418,"caption":"Alicia Koplowitz Foundation"},"image":{"@id":"https:\/\/fundacionaliciakoplowitz.org\/en\/#\/schema\/logo\/image\/"}}]}},"_links":{"self":[{"href":"https:\/\/fundacionaliciakoplowitz.org\/en\/wp-json\/wp\/v2\/pages\/5685","targetHints":{"allow":["GET"]}}],"collection":[{"href":"https:\/\/fundacionaliciakoplowitz.org\/en\/wp-json\/wp\/v2\/pages"}],"about":[{"href":"https:\/\/fundacionaliciakoplowitz.org\/en\/wp-json\/wp\/v2\/types\/page"}],"author":[{"embeddable":true,"href":"https:\/\/fundacionaliciakoplowitz.org\/en\/wp-json\/wp\/v2\/users\/2"}],"replies":[{"embeddable":true,"href":"https:\/\/fundacionaliciakoplowitz.org\/en\/wp-json\/wp\/v2\/comments?post=5685"}],"version-history":[{"count":12,"href":"https:\/\/fundacionaliciakoplowitz.org\/en\/wp-json\/wp\/v2\/pages\/5685\/revisions"}],"predecessor-version":[{"id":8270,"href":"https:\/\/fundacionaliciakoplowitz.org\/en\/wp-json\/wp\/v2\/pages\/5685\/revisions\/8270"}],"wp:attachment":[{"href":"https:\/\/fundacionaliciakoplowitz.org\/en\/wp-json\/wp\/v2\/media?parent=5685"}],"curies":[{"name":"wp","href":"https:\/\/api.w.org\/{rel}","templated":true}]}}