{"id":379,"date":"2020-09-23T16:03:00","date_gmt":"2020-09-23T14:03:00","guid":{"rendered":"https:\/\/fundacionaliciakoplowitz.org\/politica-de-cookies\/"},"modified":"2020-12-08T20:39:22","modified_gmt":"2020-12-08T19:39:22","slug":"politica-de-cookies","status":"publish","type":"page","link":"https:\/\/fundacionaliciakoplowitz.org\/en\/politica-de-cookies\/","title":{"rendered":"Pol\u00edtica de cookies"},"content":{"rendered":"<h2><strong>\u00bfQu\u00e9 son las cookies?<\/strong><\/h2>\n<p>Con el objetivo de garantizar su privacidad, te informamos que, en <strong>www.fundak.atalayait.com<\/strong> utilizamos cookies que nos permiten facilitarte el uso y navegaci\u00f3n a trav\u00e9s de la p\u00e1gina web, garantizar el acceso a determinadas funcionalidades y adicionalmente, nos ayudan a mejorar la calidad de la p\u00e1gina de acuerdo a los h\u00e1bitos y estilos de navegaci\u00f3n de los usuarios.<\/p>\n<p>Una cookie es un fichero que se descarga en tu terminal (ya sea un ordenador, Smartphone o tableta) cuando accedes a una p\u00e1gina web y que permite al titular de dicha p\u00e1gina almacenar o recuperar determinada informaci\u00f3n sobre m\u00faltiples variables, como, por ejemplo, el n\u00famero de veces que la p\u00e1gina ha sido visitada por el usuario, identificar el usuario registrado, garantizar la sesi\u00f3n del usuario mientras navega por la p\u00e1gina, permitir que se realicen operaciones de forma segura y estable, etc.<\/p>\n<p>Como se ha indicado, las cookies ofrecen informaci\u00f3n sobre los h\u00e1bitos de navegaci\u00f3n de los usuarios y, en consecuencia, pueden afectar a la privacidad de los mismos. Por este motivo, queremos ofrecerte la informaci\u00f3n necesaria sobre la tipolog\u00eda de cookies utilizada en nuestra p\u00e1gina web, para que tengas plena capacidad de decisi\u00f3n en relaci\u00f3n al uso de las mismas y en relaci\u00f3n a la protecci\u00f3n de su privacidad.<\/p>\n<p>En este sentido, se informa de que para poder utilizar la totalidad de servicios y funcionalidades de la web es necesario habilitar las cookies en el navegador de Internet. Entre las tipolog\u00edas de cookies indicadas a continuaci\u00f3n, la Web utiliza cookies con el fin de facilitar la navegaci\u00f3n. En concreto, por medio de estas cookies, y siempre que el usuario haya marcado la opci\u00f3n de &#8220;recordarme&#8221;, se podr\u00e1 identificar al usuario registrado cuando visite la web, permiti\u00e9ndose as\u00ed el acceso y uso a las \u00e1reas o secciones, servicios, funcionalidades y\/o promociones de la Web establecidas especialmente para este colectivo.<\/p>\n<h2><strong>Tipolog\u00eda de cookies<\/strong><\/h2>\n<p>A continuaci\u00f3n, te ofrecemos informaci\u00f3n sobre el tipo de cookies utilizadas en <strong>www.fundak.atalayait.com<\/strong> y la finalidad de las mismas:<\/p>\n<ul>\n<li><strong>Cookies de sesi\u00f3n<\/strong> son un tipo de cookies dise\u00f1adas y utilizadas para recabar y almacenar datos mientras el usuario accede a una p\u00e1gina web. Como su propio nombre indica, estas cookies se almacenan en su terminal hasta que finalice la sesi\u00f3n de navegaci\u00f3n del usuario.<\/li>\n<li><strong>Cookies anal\u00edticas<\/strong> son un tipo de cookies dise\u00f1adas y utilizadas para el seguimiento y an\u00e1lisis del comportamiento de los usuarios. Este tipo de cookies ofrecen al titular de la p\u00e1gina la medici\u00f3n de la actividad en el sitio web a trav\u00e9s de informaci\u00f3n agregada o de car\u00e1cter estad\u00edstico. En <strong>fundak.atalayait.com<\/strong> se utilizan para esta finalidad, las cookies de Google Analytics que tienen distintos plazos de caducidad en funci\u00f3n de la informaci\u00f3n que ofrecen. Asimismo, se utilizan cookies anal\u00edticas dise\u00f1adas para analizar los comportamientos de navegaci\u00f3n del usuario y mejorar la experiencia dentro de la web. Este tipo de cookie no conserva los datos personales que el usuario pueda facilitar, \u00fanicamente, mediante mapas de calor, se analiza y monitoriza c\u00f3mo se ha navegado por la web de la compa\u00f1\u00eda, permiti\u00e9ndonos de esta forma mejorar nuestro sitio web y analizar patrones de conducta.<\/li>\n<\/ul>\n<h2><strong>\u00bfQui\u00e9n utiliza las cookies?<\/strong><\/h2>\n<p>La informaci\u00f3n que se recaba a trav\u00e9s de las cookies de una p\u00e1gina web puede ser utilizada tanto por el titular de la p\u00e1gina web o como por un tercero que preste un servicio al titular. En este sentido, la informaci\u00f3n de las cookies utilizadas en <strong>www.fundak.atalayait.com<\/strong> es tratada por esta entidad como por terceros con las finalidades indicadas anteriormente.<\/p>\n<h2><strong>Como visualizar las cookies<\/strong><\/h2>\n<p>Todos los navegadores ofrecen al usuario la posibilidad de buscar y visualizar las cookies que instala un determinado sitio web, obtener informaci\u00f3n relativa a la duraci\u00f3n de las mismas y la posibilidad de eliminarlas, tal y como se indica en el siguiente apartado. A continuaci\u00f3n, se muestran una serie de enlaces informativos sobre esta cuesti\u00f3n de los navegadores m\u00e1s &lt;utilizados:&lt; p=&#8221;&#8221;&gt; &lt;\/utilizados:&lt;&gt;<\/p>\n<p>Google Chrome:  https:\/\/support.google.com\/chrome\/answer\/95647?hl=es<\/p>\n<p>Mozilla Firefox: <a href=\"https:\/\/support.mozilla.org\/es\/kb\/cookies-informacion-que-los-sitios-web-guardan-en-\">https:\/\/support.mozilla.org\/es\/kb\/cookies-informacion-que-los-sitios-web-guardan-en-<\/a><\/p>\n<p>Internet Explorer: https:\/\/support.microsoft.com\/es-es\/topic\/ver-las-cookies-en-microsoft-edge-a7d95376-f2cd-8e4a-25dc-1de753474879<\/p>\n<p>Safari: <a href=\"https:\/\/support.apple.com\/es-es\/guide\/safari\/sfri11471\/mac\">https:\/\/support.apple.com\/es-es\/guide\/safari\/sfri11471\/mac<\/a><\/p>\n<h2><strong>Como eliminar las cookies<\/strong><\/h2>\n<p>Para restringir o bloquear las cookies, deber\u00e1s modificar la configuraci\u00f3n del navegador que utilice en su terminal, ya sea ordenador, smartphone o tablet. Con car\u00e1cter general los navegadores ofrecen las siguientes opciones de configuraci\u00f3n en relaci\u00f3n a la instalaci\u00f3n de cookies:<\/p>\n<ul>\n<li>Que el navegador rechace todas las cookies y por lo tanto, que no se instale ninguna cookie de ninguna p\u00e1gina web en su terminal.<\/li>\n<li>Que el navegador le avise antes de que se produzca la instalaci\u00f3n de la cookie para que usted decida si acepta o no la instalaci\u00f3n de la misma.<\/li>\n<li>Que el navegador \u00fanicamente rechace las cookies de terceros de los sitios web que visita pero no las utilizadas por el sitio web por el que usted navega.<\/li>\n<li>La opci\u00f3n de navegaci\u00f3n en modo privado mediante la cual, las cookies se instalan en el terminal pero se elimina de manera autom\u00e1tica cuando finaliza la navegaci\u00f3n por la p\u00e1gina web:<\/li>\n<\/ul>\n<p>Google Chrome: https:\/\/support.google.com\/chrome\/answer\/95464?hl=es<\/p>\n<p>Mozilla Firefox: <a href=\"https:\/\/support.mozilla.org\/es\/kb\/navegacion-privada-navega-en-la-web-sin-guardar-in?redirectlocale=en-US&amp;as=u&amp;redirectslug=Private+Browsing&amp;utm_source=inproduct\">https:\/\/support.mozilla.org\/es\/kb\/navegacion-privada-navega-en-la-web-sin-guardar-in?redirectlocale=en-US&amp;as=u&amp;redirectslug=Private+Browsing&amp;utm_source=inproduct<\/a><\/p>\n<p>Internet Explorer: <a href=\"https:\/\/support.microsoft.com\/es-es\/topic\/eliminar-y-administrar-cookies-168dab11-0753-043d-7c16-ede5947fc64d\">https:\/\/support.microsoft.com\/es-es\/topic\/eliminar-y-administrar-cookies-168dab11-0753-043d-7c16-ede5947fc64d<\/a><\/p>\n<p>Safari: <a href=\"https:\/\/support.apple.com\/es-es\/guide\/safari\/sfri11471\/mac\">https:\/\/support.apple.com\/es-es\/guide\/safari\/sfri11471\/mac<\/a><\/p>\n","protected":false},"excerpt":{"rendered":"<p>\u00bfQu\u00e9 son las cookies? Con el objetivo de garantizar su privacidad, te informamos que, en www.fundak.atalayait.com utilizamos cookies que nos permiten facilitarte el uso y navegaci\u00f3n a trav\u00e9s de la p\u00e1gina web, garantizar el acceso a determinadas funcionalidades y adicionalmente, nos ayudan a mejorar la calidad de la p\u00e1gina de acuerdo a los h\u00e1bitos y [&hellip;]<\/p>\n","protected":false},"author":2,"featured_media":0,"parent":0,"menu_order":0,"comment_status":"closed","ping_status":"closed","template":"","meta":{"site-sidebar-layout":"default","site-content-layout":"default","ast-site-content-layout":"default","site-content-style":"default","site-sidebar-style":"default","ast-global-header-display":"","ast-banner-title-visibility":"","ast-main-header-display":"","ast-hfb-above-header-display":"","ast-hfb-below-header-display":"","ast-hfb-mobile-header-display":"","site-post-title":"","ast-breadcrumbs-content":"","ast-featured-img":"","footer-sml-layout":"","ast-disable-related-posts":"","theme-transparent-header-meta":"default","adv-header-id-meta":"","stick-header-meta":"","header-above-stick-meta":"","header-main-stick-meta":"","header-below-stick-meta":"","astra-migrate-meta-layouts":"default","ast-page-background-enabled":"default","ast-page-background-meta":{"desktop":{"background-color":"var(--ast-global-color-4)","background-image":"","background-repeat":"repeat","background-position":"center center","background-size":"auto","background-attachment":"scroll","background-type":"","background-media":"","overlay-type":"","overlay-color":"","overlay-opacity":"","overlay-gradient":""},"tablet":{"background-color":"","background-image":"","background-repeat":"repeat","background-position":"center center","background-size":"auto","background-attachment":"scroll","background-type":"","background-media":"","overlay-type":"","overlay-color":"","overlay-opacity":"","overlay-gradient":""},"mobile":{"background-color":"","background-image":"","background-repeat":"repeat","background-position":"center center","background-size":"auto","background-attachment":"scroll","background-type":"","background-media":"","overlay-type":"","overlay-color":"","overlay-opacity":"","overlay-gradient":""}},"ast-content-background-meta":{"desktop":{"background-color":"var(--ast-global-color-5)","background-image":"","background-repeat":"repeat","background-position":"center center","background-size":"auto","background-attachment":"scroll","background-type":"","background-media":"","overlay-type":"","overlay-color":"","overlay-opacity":"","overlay-gradient":""},"tablet":{"background-color":"var(--ast-global-color-5)","background-image":"","background-repeat":"repeat","background-position":"center center","background-size":"auto","background-attachment":"scroll","background-type":"","background-media":"","overlay-type":"","overlay-color":"","overlay-opacity":"","overlay-gradient":""},"mobile":{"background-color":"var(--ast-global-color-5)","background-image":"","background-repeat":"repeat","background-position":"center center","background-size":"auto","background-attachment":"scroll","background-type":"","background-media":"","overlay-type":"","overlay-color":"","overlay-opacity":"","overlay-gradient":""}},"footnotes":""},"class_list":["post-379","page","type-page","status-publish","hentry"],"yoast_head":"<!-- This site is optimized with the Yoast SEO plugin v27.2 - https:\/\/yoast.com\/product\/yoast-seo-wordpress\/ -->\n<title>Pol\u00edtica de cookies - Alicia Koplowitz Foundation<\/title>\n<meta name=\"robots\" content=\"index, follow, max-snippet:-1, max-image-preview:large, max-video-preview:-1\" \/>\n<link rel=\"canonical\" href=\"https:\/\/fundacionaliciakoplowitz.org\/en\/politica-de-cookies\/\" \/>\n<meta property=\"og:locale\" content=\"en_US\" \/>\n<meta property=\"og:type\" content=\"article\" \/>\n<meta property=\"og:title\" content=\"Pol\u00edtica de cookies - Alicia Koplowitz Foundation\" \/>\n<meta property=\"og:description\" content=\"\u00bfQu\u00e9 son las cookies? Con el objetivo de garantizar su privacidad, te informamos que, en www.fundak.atalayait.com utilizamos cookies que nos permiten facilitarte el uso y navegaci\u00f3n a trav\u00e9s de la p\u00e1gina web, garantizar el acceso a determinadas funcionalidades y adicionalmente, nos ayudan a mejorar la calidad de la p\u00e1gina de acuerdo a los h\u00e1bitos y [&hellip;]\" \/>\n<meta property=\"og:url\" content=\"https:\/\/fundacionaliciakoplowitz.org\/en\/politica-de-cookies\/\" \/>\n<meta property=\"og:site_name\" content=\"Alicia Koplowitz Foundation\" \/>\n<meta property=\"article:modified_time\" content=\"2020-12-08T19:39:22+00:00\" \/>\n<meta name=\"twitter:card\" content=\"summary_large_image\" \/>\n<meta name=\"twitter:label1\" content=\"Est. reading time\" \/>\n\t<meta name=\"twitter:data1\" content=\"5 minutes\" \/>\n<script type=\"application\/ld+json\" class=\"yoast-schema-graph\">{\"@context\":\"https:\/\/schema.org\",\"@graph\":[{\"@type\":\"WebPage\",\"@id\":\"https:\/\/fundacionaliciakoplowitz.org\/en\/politica-de-cookies\/\",\"url\":\"https:\/\/fundacionaliciakoplowitz.org\/en\/politica-de-cookies\/\",\"name\":\"Pol\u00edtica de cookies - Alicia Koplowitz Foundation\",\"isPartOf\":{\"@id\":\"https:\/\/fundacionaliciakoplowitz.org\/en\/#website\"},\"datePublished\":\"2020-09-23T14:03:00+00:00\",\"dateModified\":\"2020-12-08T19:39:22+00:00\",\"breadcrumb\":{\"@id\":\"https:\/\/fundacionaliciakoplowitz.org\/en\/politica-de-cookies\/#breadcrumb\"},\"inLanguage\":\"en-US\",\"potentialAction\":[{\"@type\":\"ReadAction\",\"target\":[\"https:\/\/fundacionaliciakoplowitz.org\/en\/politica-de-cookies\/\"]}]},{\"@type\":\"BreadcrumbList\",\"@id\":\"https:\/\/fundacionaliciakoplowitz.org\/en\/politica-de-cookies\/#breadcrumb\",\"itemListElement\":[{\"@type\":\"ListItem\",\"position\":1,\"name\":\"Home\",\"item\":\"https:\/\/fundacionaliciakoplowitz.org\/en\/home-2\/\"},{\"@type\":\"ListItem\",\"position\":2,\"name\":\"Pol\u00edtica de cookies\"}]},{\"@type\":\"WebSite\",\"@id\":\"https:\/\/fundacionaliciakoplowitz.org\/en\/#website\",\"url\":\"https:\/\/fundacionaliciakoplowitz.org\/en\/\",\"name\":\"Alicia Koplowitz Foundation\",\"description\":\"Alicia Koplowitz Foundation\",\"publisher\":{\"@id\":\"https:\/\/fundacionaliciakoplowitz.org\/en\/#organization\"},\"potentialAction\":[{\"@type\":\"SearchAction\",\"target\":{\"@type\":\"EntryPoint\",\"urlTemplate\":\"https:\/\/fundacionaliciakoplowitz.org\/en\/?s={search_term_string}\"},\"query-input\":{\"@type\":\"PropertyValueSpecification\",\"valueRequired\":true,\"valueName\":\"search_term_string\"}}],\"inLanguage\":\"en-US\"},{\"@type\":\"Organization\",\"@id\":\"https:\/\/fundacionaliciakoplowitz.org\/en\/#organization\",\"name\":\"Alicia Koplowitz Foundation\",\"url\":\"https:\/\/fundacionaliciakoplowitz.org\/en\/\",\"logo\":{\"@type\":\"ImageObject\",\"inLanguage\":\"en-US\",\"@id\":\"https:\/\/fundacionaliciakoplowitz.org\/en\/#\/schema\/logo\/image\/\",\"url\":\"https:\/\/fundacionaliciakoplowitz.org\/wp-content\/uploads\/2020\/10\/cropped-cropped-generico.png\",\"contentUrl\":\"https:\/\/fundacionaliciakoplowitz.org\/wp-content\/uploads\/2020\/10\/cropped-cropped-generico.png\",\"width\":512,\"height\":418,\"caption\":\"Alicia Koplowitz Foundation\"},\"image\":{\"@id\":\"https:\/\/fundacionaliciakoplowitz.org\/en\/#\/schema\/logo\/image\/\"}}]}<\/script>\n<!-- \/ Yoast SEO plugin. -->","yoast_head_json":{"title":"Pol\u00edtica de cookies - Alicia Koplowitz Foundation","robots":{"index":"index","follow":"follow","max-snippet":"max-snippet:-1","max-image-preview":"max-image-preview:large","max-video-preview":"max-video-preview:-1"},"canonical":"https:\/\/fundacionaliciakoplowitz.org\/en\/politica-de-cookies\/","og_locale":"en_US","og_type":"article","og_title":"Pol\u00edtica de cookies - Alicia Koplowitz Foundation","og_description":"\u00bfQu\u00e9 son las cookies? Con el objetivo de garantizar su privacidad, te informamos que, en www.fundak.atalayait.com utilizamos cookies que nos permiten facilitarte el uso y navegaci\u00f3n a trav\u00e9s de la p\u00e1gina web, garantizar el acceso a determinadas funcionalidades y adicionalmente, nos ayudan a mejorar la calidad de la p\u00e1gina de acuerdo a los h\u00e1bitos y [&hellip;]","og_url":"https:\/\/fundacionaliciakoplowitz.org\/en\/politica-de-cookies\/","og_site_name":"Alicia Koplowitz Foundation","article_modified_time":"2020-12-08T19:39:22+00:00","twitter_card":"summary_large_image","twitter_misc":{"Est. reading time":"5 minutes"},"schema":{"@context":"https:\/\/schema.org","@graph":[{"@type":"WebPage","@id":"https:\/\/fundacionaliciakoplowitz.org\/en\/politica-de-cookies\/","url":"https:\/\/fundacionaliciakoplowitz.org\/en\/politica-de-cookies\/","name":"Pol\u00edtica de cookies - Alicia Koplowitz Foundation","isPartOf":{"@id":"https:\/\/fundacionaliciakoplowitz.org\/en\/#website"},"datePublished":"2020-09-23T14:03:00+00:00","dateModified":"2020-12-08T19:39:22+00:00","breadcrumb":{"@id":"https:\/\/fundacionaliciakoplowitz.org\/en\/politica-de-cookies\/#breadcrumb"},"inLanguage":"en-US","potentialAction":[{"@type":"ReadAction","target":["https:\/\/fundacionaliciakoplowitz.org\/en\/politica-de-cookies\/"]}]},{"@type":"BreadcrumbList","@id":"https:\/\/fundacionaliciakoplowitz.org\/en\/politica-de-cookies\/#breadcrumb","itemListElement":[{"@type":"ListItem","position":1,"name":"Home","item":"https:\/\/fundacionaliciakoplowitz.org\/en\/home-2\/"},{"@type":"ListItem","position":2,"name":"Pol\u00edtica de cookies"}]},{"@type":"WebSite","@id":"https:\/\/fundacionaliciakoplowitz.org\/en\/#website","url":"https:\/\/fundacionaliciakoplowitz.org\/en\/","name":"Alicia Koplowitz Foundation","description":"Alicia Koplowitz Foundation","publisher":{"@id":"https:\/\/fundacionaliciakoplowitz.org\/en\/#organization"},"potentialAction":[{"@type":"SearchAction","target":{"@type":"EntryPoint","urlTemplate":"https:\/\/fundacionaliciakoplowitz.org\/en\/?s={search_term_string}"},"query-input":{"@type":"PropertyValueSpecification","valueRequired":true,"valueName":"search_term_string"}}],"inLanguage":"en-US"},{"@type":"Organization","@id":"https:\/\/fundacionaliciakoplowitz.org\/en\/#organization","name":"Alicia Koplowitz Foundation","url":"https:\/\/fundacionaliciakoplowitz.org\/en\/","logo":{"@type":"ImageObject","inLanguage":"en-US","@id":"https:\/\/fundacionaliciakoplowitz.org\/en\/#\/schema\/logo\/image\/","url":"https:\/\/fundacionaliciakoplowitz.org\/wp-content\/uploads\/2020\/10\/cropped-cropped-generico.png","contentUrl":"https:\/\/fundacionaliciakoplowitz.org\/wp-content\/uploads\/2020\/10\/cropped-cropped-generico.png","width":512,"height":418,"caption":"Alicia Koplowitz Foundation"},"image":{"@id":"https:\/\/fundacionaliciakoplowitz.org\/en\/#\/schema\/logo\/image\/"}}]}},"_links":{"self":[{"href":"https:\/\/fundacionaliciakoplowitz.org\/en\/wp-json\/wp\/v2\/pages\/379","targetHints":{"allow":["GET"]}}],"collection":[{"href":"https:\/\/fundacionaliciakoplowitz.org\/en\/wp-json\/wp\/v2\/pages"}],"about":[{"href":"https:\/\/fundacionaliciakoplowitz.org\/en\/wp-json\/wp\/v2\/types\/page"}],"author":[{"embeddable":true,"href":"https:\/\/fundacionaliciakoplowitz.org\/en\/wp-json\/wp\/v2\/users\/2"}],"replies":[{"embeddable":true,"href":"https:\/\/fundacionaliciakoplowitz.org\/en\/wp-json\/wp\/v2\/comments?post=379"}],"version-history":[{"count":7,"href":"https:\/\/fundacionaliciakoplowitz.org\/en\/wp-json\/wp\/v2\/pages\/379\/revisions"}],"predecessor-version":[{"id":1633,"href":"https:\/\/fundacionaliciakoplowitz.org\/en\/wp-json\/wp\/v2\/pages\/379\/revisions\/1633"}],"wp:attachment":[{"href":"https:\/\/fundacionaliciakoplowitz.org\/en\/wp-json\/wp\/v2\/media?parent=379"}],"curies":[{"name":"wp","href":"https:\/\/api.w.org\/{rel}","templated":true}]}}